{"id":19,"date":"2024-02-20T11:21:28","date_gmt":"2024-02-20T14:21:28","guid":{"rendered":"https:\/\/diartedesign.com.br\/?page_id=19"},"modified":"2024-03-15T09:42:01","modified_gmt":"2024-03-15T12:42:01","slug":"home","status":"publish","type":"page","link":"https:\/\/diartedesign.com.br\/","title":{"rendered":"Home"},"content":{"rendered":"\t\t<div data-elementor-type=\"wp-page\" data-elementor-id=\"19\" class=\"elementor elementor-19\">\n\t\t\t\t<div class=\"elementor-element elementor-element-c487bf0 e-flex e-con-boxed e-con e-parent\" data-id=\"c487bf0\" data-element_type=\"container\" data-settings=\"{&quot;background_background&quot;:&quot;classic&quot;}\">\n\t\t\t\t\t<div class=\"e-con-inner\">\n\t\t<div class=\"elementor-element elementor-element-9aae4d9 e-con-full e-flex e-con e-child\" data-id=\"9aae4d9\" data-element_type=\"container\" data-settings=\"{&quot;background_background&quot;:&quot;classic&quot;}\">\n\t\t<div class=\"elementor-element elementor-element-5828380 e-con-full e-flex e-con e-child\" data-id=\"5828380\" data-element_type=\"container\" data-settings=\"{&quot;background_background&quot;:&quot;classic&quot;}\">\n\t\t<div class=\"elementor-element elementor-element-82de988 e-con-full e-flex e-con e-child\" data-id=\"82de988\" data-element_type=\"container\">\n\t\t\t\t<div class=\"elementor-element elementor-element-a0bd82f elementor-widget elementor-widget-image\" data-id=\"a0bd82f\" data-element_type=\"widget\" data-widget_type=\"image.default\">\n\t\t\t\t<div class=\"elementor-widget-container\">\n\t\t\t\t\t\t\t\t\t\t\t\t\t\t\t<img fetchpriority=\"high\" decoding=\"async\" width=\"1280\" height=\"853\" src=\"https:\/\/diartedesign.com.br\/wp-content\/uploads\/2024\/02\/jovem-designer-grafico-trabalhando-no-escritorio_Easy-Resize.com_.jpg\" class=\"attachment-full size-full wp-image-28\" alt=\"\" srcset=\"https:\/\/diartedesign.com.br\/wp-content\/uploads\/2024\/02\/jovem-designer-grafico-trabalhando-no-escritorio_Easy-Resize.com_.jpg 1280w, https:\/\/diartedesign.com.br\/wp-content\/uploads\/2024\/02\/jovem-designer-grafico-trabalhando-no-escritorio_Easy-Resize.com_-300x200.jpg 300w, https:\/\/diartedesign.com.br\/wp-content\/uploads\/2024\/02\/jovem-designer-grafico-trabalhando-no-escritorio_Easy-Resize.com_-1024x682.jpg 1024w, https:\/\/diartedesign.com.br\/wp-content\/uploads\/2024\/02\/jovem-designer-grafico-trabalhando-no-escritorio_Easy-Resize.com_-768x512.jpg 768w\" sizes=\"(max-width: 1280px) 100vw, 1280px\" \/>\t\t\t\t\t\t\t\t\t\t\t\t\t\t\t<\/div>\n\t\t\t\t<\/div>\n\t\t\t\t<\/div>\n\t\t\t\t<\/div>\n\t\t\t\t<\/div>\n\t\t<div class=\"elementor-element elementor-element-bed5e33 e-con-full e-flex e-con e-child\" data-id=\"bed5e33\" data-element_type=\"container\" data-settings=\"{&quot;background_background&quot;:&quot;classic&quot;}\">\n\t\t<div class=\"elementor-element elementor-element-3263405 e-con-full e-flex e-con e-child\" data-id=\"3263405\" data-element_type=\"container\">\n\t\t<div class=\"elementor-element elementor-element-ad00464 e-con-full e-flex e-con e-child\" data-id=\"ad00464\" data-element_type=\"container\">\n\t\t\t\t<div class=\"elementor-element elementor-element-f5aaecd elementor-widget-divider--view-line elementor-widget elementor-widget-divider\" data-id=\"f5aaecd\" data-element_type=\"widget\" data-widget_type=\"divider.default\">\n\t\t\t\t<div class=\"elementor-widget-container\">\n\t\t\t\t\t\t\t<div class=\"elementor-divider\">\n\t\t\t<span class=\"elementor-divider-separator\">\n\t\t\t\t\t\t<\/span>\n\t\t<\/div>\n\t\t\t\t\t\t<\/div>\n\t\t\t\t<\/div>\n\t\t\t\t<\/div>\n\t\t<div class=\"elementor-element elementor-element-209962f e-con-full e-flex e-con e-child\" data-id=\"209962f\" data-element_type=\"container\">\n\t\t\t\t<div class=\"elementor-element elementor-element-896ba4b envato-kit-138-bracket elementor-widget elementor-widget-heading\" data-id=\"896ba4b\" data-element_type=\"widget\" data-widget_type=\"heading.default\">\n\t\t\t\t<div class=\"elementor-widget-container\">\n\t\t\t\t\t<h3 class=\"elementor-heading-title elementor-size-default\">Desenvolvido por<\/h3>\t\t\t\t<\/div>\n\t\t\t\t<\/div>\n\t\t\t\t<\/div>\n\t\t\t\t<\/div>\n\t\t\t\t<div class=\"elementor-element elementor-element-d216e6f elementor-widget elementor-widget-heading\" data-id=\"d216e6f\" data-element_type=\"widget\" data-widget_type=\"heading.default\">\n\t\t\t\t<div class=\"elementor-widget-container\">\n\t\t\t\t\t<h2 class=\"elementor-heading-title elementor-size-default\">Diego Zick<\/h2>\t\t\t\t<\/div>\n\t\t\t\t<\/div>\n\t\t\t\t<div class=\"elementor-element elementor-element-4bacb62 elementor-widget elementor-widget-spacer\" data-id=\"4bacb62\" data-element_type=\"widget\" data-widget_type=\"spacer.default\">\n\t\t\t\t<div class=\"elementor-widget-container\">\n\t\t\t\t\t\t\t<div class=\"elementor-spacer\">\n\t\t\t<div class=\"elementor-spacer-inner\"><\/div>\n\t\t<\/div>\n\t\t\t\t\t\t<\/div>\n\t\t\t\t<\/div>\n\t\t\t\t<div class=\"elementor-element elementor-element-06daa13 elementor-widget elementor-widget-text-editor\" data-id=\"06daa13\" data-element_type=\"widget\" data-widget_type=\"text-editor.default\">\n\t\t\t\t<div class=\"elementor-widget-container\">\n\t\t\t\t\t\t\t\t\t<p>Ol\u00e1!<br \/>Est\u00e1 p\u00e1gina ir\u00e1 direcionar voc\u00ea para o meu portf\u00f3lio, onde \u00e9 poss\u00edvel conferir projetos que desenvolvi, um pouco sobre mim e contatos para falar diretamente comigo.<\/p>\t\t\t\t\t\t\t\t<\/div>\n\t\t\t\t<\/div>\n\t\t\t\t<div class=\"elementor-element elementor-element-5439683 elementor-tablet-align-center elementor-align-left elementor-widget elementor-widget-button\" data-id=\"5439683\" data-element_type=\"widget\" data-widget_type=\"button.default\">\n\t\t\t\t<div class=\"elementor-widget-container\">\n\t\t\t\t\t\t\t\t\t<div class=\"elementor-button-wrapper\">\n\t\t\t\t\t<a class=\"elementor-button elementor-button-link elementor-size-md\" href=\"https:\/\/www.diegozick.com.br\/\">\n\t\t\t\t\t\t<span class=\"elementor-button-content-wrapper\">\n\t\t\t\t\t\t\t\t\t<span class=\"elementor-button-text\">Clique aqui<\/span>\n\t\t\t\t\t<\/span>\n\t\t\t\t\t<\/a>\n\t\t\t\t<\/div>\n\t\t\t\t\t\t\t\t<\/div>\n\t\t\t\t<\/div>\n\t\t\t\t<\/div>\n\t\t\t\t\t<\/div>\n\t\t\t\t<\/div>\n\t\t\t\t<\/div>\n\t\t","protected":false},"excerpt":{"rendered":"<p>Desenvolvido por Diego Zick Ol\u00e1!Est\u00e1 p\u00e1gina ir\u00e1 direcionar voc\u00ea para o meu portf\u00f3lio, onde \u00e9 poss\u00edvel conferir projetos que desenvolvi, um pouco sobre mim e contatos para falar diretamente comigo. Clique aqui<\/p>\n","protected":false},"author":1,"featured_media":0,"parent":0,"menu_order":0,"comment_status":"closed","ping_status":"closed","template":"elementor_canvas","meta":{"_kad_post_transparent":"","_kad_post_title":"hide","_kad_post_layout":"fullwidth","_kad_post_sidebar_id":"","_kad_post_content_style":"unboxed","_kad_post_vertical_padding":"hide","_kad_post_feature":"hide","_kad_post_feature_position":"","_kad_post_header":false,"_kad_post_footer":false,"footnotes":""},"class_list":["post-19","page","type-page","status-publish","hentry"],"_links":{"self":[{"href":"https:\/\/diartedesign.com.br\/index.php?rest_route=\/wp\/v2\/pages\/19","targetHints":{"allow":["GET"]}}],"collection":[{"href":"https:\/\/diartedesign.com.br\/index.php?rest_route=\/wp\/v2\/pages"}],"about":[{"href":"https:\/\/diartedesign.com.br\/index.php?rest_route=\/wp\/v2\/types\/page"}],"author":[{"embeddable":true,"href":"https:\/\/diartedesign.com.br\/index.php?rest_route=\/wp\/v2\/users\/1"}],"replies":[{"embeddable":true,"href":"https:\/\/diartedesign.com.br\/index.php?rest_route=%2Fwp%2Fv2%2Fcomments&post=19"}],"version-history":[{"count":19,"href":"https:\/\/diartedesign.com.br\/index.php?rest_route=\/wp\/v2\/pages\/19\/revisions"}],"predecessor-version":[{"id":47,"href":"https:\/\/diartedesign.com.br\/index.php?rest_route=\/wp\/v2\/pages\/19\/revisions\/47"}],"wp:attachment":[{"href":"https:\/\/diartedesign.com.br\/index.php?rest_route=%2Fwp%2Fv2%2Fmedia&parent=19"}],"curies":[{"name":"wp","href":"https:\/\/api.w.org\/{rel}","templated":true}]}}